{"id":361,"date":"2021-04-01T13:59:18","date_gmt":"2021-04-01T13:59:18","guid":{"rendered":"https:\/\/jcuevaslawyer.com\/?page_id=361"},"modified":"2022-05-06T05:11:49","modified_gmt":"2022-05-06T05:11:49","slug":"privacy-policy","status":"publish","type":"page","link":"https:\/\/jcuevaslawyer.com\/es\/privacy-policy\/","title":{"rendered":"Pol\u00edtica de privacidad"},"content":{"rendered":"<div data-elementor-type=\"wp-page\" data-elementor-id=\"361\" class=\"elementor elementor-361\" data-elementor-post-type=\"page\">\n\t\t\t\t\t\t<section class=\"elementor-section elementor-top-section elementor-element elementor-element-5f7a776 elementor-section-boxed elementor-section-height-default elementor-section-height-default\" data-id=\"5f7a776\" data-element_type=\"section\">\n\t\t\t\t\t\t<div class=\"elementor-container elementor-column-gap-default\">\n\t\t\t\t\t<div class=\"elementor-column elementor-col-100 elementor-top-column elementor-element elementor-element-2d31a77\" data-id=\"2d31a77\" data-element_type=\"column\">\n\t\t\t<div class=\"elementor-widget-wrap elementor-element-populated\">\n\t\t\t\t\t\t<div class=\"elementor-element elementor-element-260b34a elementor-widget elementor-widget-heading\" data-id=\"260b34a\" data-element_type=\"widget\" data-widget_type=\"heading.default\">\n\t\t\t\t<div class=\"elementor-widget-container\">\n\t\t\t\t\t<h2 class=\"elementor-heading-title elementor-size-default\">Pol\u00edtica de privacidad<\/h2>\t\t\t\t<\/div>\n\t\t\t\t<\/div>\n\t\t\t\t\t<\/div>\n\t\t<\/div>\n\t\t\t\t\t<\/div>\n\t\t<\/section>\n\t\t\t\t<section class=\"elementor-section elementor-top-section elementor-element elementor-element-9122266 elementor-section-boxed elementor-section-height-default elementor-section-height-default\" data-id=\"9122266\" data-element_type=\"section\">\n\t\t\t\t\t\t<div class=\"elementor-container elementor-column-gap-default\">\n\t\t\t\t\t<div class=\"elementor-column elementor-col-100 elementor-top-column elementor-element elementor-element-bce3f4d\" data-id=\"bce3f4d\" data-element_type=\"column\">\n\t\t\t<div class=\"elementor-widget-wrap elementor-element-populated\">\n\t\t\t\t\t\t<div class=\"elementor-element elementor-element-997a816 elementor-widget elementor-widget-text-editor\" data-id=\"997a816\" data-element_type=\"widget\" data-widget_type=\"text-editor.default\">\n\t\t\t\t<div class=\"elementor-widget-container\">\n\t\t\t\t\t\t\t\t\t<section class=\"elementor-element elementor-element-1a4a124 elementor-section-boxed elementor-section-height-default elementor-section-height-default elementor-section elementor-top-section\" data-id=\"1a4a124\" data-element_type=\"section\" data-settings=\"{&quot;background_background&quot;:&quot;classic&quot;}\"><div class=\"elementor-container elementor-column-gap-default\"><div class=\"elementor-row\"><div class=\"elementor-element elementor-element-9ad9cce elementor-column elementor-col-100 elementor-top-column\" data-id=\"9ad9cce\" data-element_type=\"column\"><div class=\"elementor-column-wrap  elementor-element-populated\"><div class=\"elementor-widget-wrap\"><div class=\"elementor-element elementor-element-938569e elementor-widget elementor-widget-heading\" data-id=\"938569e\" data-element_type=\"widget\" data-widget_type=\"heading.default\"><div class=\"elementor-widget-container\"><h2 class=\"elementor-heading-title elementor-size-default\">\u00a0<\/h2><\/div><\/div><\/div><\/div><\/div><\/div><\/div><\/section><section class=\"elementor-element elementor-element-ac26809 elementor-section-boxed elementor-section-height-default elementor-section-height-default elementor-section elementor-top-section\" data-id=\"ac26809\" data-element_type=\"section\" data-settings=\"{&quot;background_background&quot;:&quot;classic&quot;}\"><div class=\"elementor-container elementor-column-gap-default\"><div class=\"elementor-row\"><div class=\"elementor-element elementor-element-a0bbd4b elementor-column elementor-col-100 elementor-top-column\" data-id=\"a0bbd4b\" data-element_type=\"column\"><div class=\"elementor-column-wrap  elementor-element-populated\"><div class=\"elementor-widget-wrap\"><div class=\"elementor-element elementor-element-2797ae2 elementor-widget elementor-widget-text-editor\" data-id=\"2797ae2\" data-element_type=\"widget\" data-widget_type=\"text-editor.default\"><div class=\"elementor-widget-container\"><div class=\"elementor-text-editor elementor-clearfix\"><ul><li>Los proveedores externos, incluido Google, muestran sus anuncios en sitios de Internet.<\/li><li>Los proveedores externos, incluido Google, utilizan cookies para publicar anuncios basados en las visitas anteriores de un usuario a su sitio web.<\/li><li>Los usuarios pueden rechazar el uso de cookies por parte de Google visitando la p\u00e1gina de exclusi\u00f3n de publicidad de Google. (Alternativamente, puede indicar a los usuarios que opten por excluirse del uso de cookies por parte de un proveedor externo visitando la p\u00e1gina de exclusi\u00f3n de Network Advertising Initiative).<\/li><li>Toda la informaci\u00f3n de contacto recopilada se utiliza \u00fanicamente con fines de solicitud internos. Su informaci\u00f3n no se comparte ni se vende a otras empresas.<\/li><\/ul><p>Si ya no desea recibir comunicaciones, env\u00ede un correo electr\u00f3nico a\u00a0<a href=\"mailto:contact@saunderslawoffice.com\">db@jcuevasabogado.com<\/a>\u00a0para que su informaci\u00f3n sea eliminada de nuestro sistema.<\/p><p>La informaci\u00f3n que ingresa en la p\u00e1gina de contacto solo se usa para contactarlo con respecto al asunto en el que se comunica con nosotros. Despu\u00e9s del contacto inicial, toda la informaci\u00f3n de contacto se elimina de nuestro sistema.<\/p><p>Solo enviaremos comunicaci\u00f3n basada en su contacto inicial con nosotros.<\/p><\/div><\/div><\/div><\/div><\/div><\/div><\/div><\/div><\/section>\t\t\t\t\t\t\t\t<\/div>\n\t\t\t\t<\/div>\n\t\t\t\t\t<\/div>\n\t\t<\/div>\n\t\t\t\t\t<\/div>\n\t\t<\/section>\n\t\t\t\t<\/div>","protected":false},"excerpt":{"rendered":"<p>Pol\u00edtica de privacidad Los proveedores externos, incluido Google, muestran sus anuncios en sitios de Internet. Los proveedores externos, incluido Google, utilizan cookies para publicar anuncios basados en las visitas anteriores de un usuario a su sitio web. Los usuarios pueden rechazar el uso de cookies por parte de Google visitando la p\u00e1gina de exclusi\u00f3n de publicidad de Google. (Alternativamente, puede se\u00f1alar [\u2026]<\/p>","protected":false},"author":1,"featured_media":0,"parent":0,"menu_order":0,"comment_status":"closed","ping_status":"closed","template":"elementor_header_footer","meta":{"footnotes":""},"class_list":["post-361","page","type-page","status-publish","hentry"],"yoast_head":"<!-- This site is optimized with the Yoast SEO plugin v26.9 - https:\/\/yoast.com\/product\/yoast-seo-wordpress\/ -->\n<title>Privacy Policy - Law Offices of Jaime A. Cuevas, Jr<\/title>\n<meta name=\"robots\" content=\"index, follow, max-snippet:-1, max-image-preview:large, max-video-preview:-1\" \/>\n<link rel=\"canonical\" href=\"https:\/\/jcuevaslawyer.com\/es\/privacy-policy\/\" \/>\n<meta property=\"og:locale\" content=\"es_MX\" \/>\n<meta property=\"og:type\" content=\"article\" \/>\n<meta property=\"og:title\" content=\"Privacy Policy - Law Offices of Jaime A. Cuevas, Jr\" \/>\n<meta property=\"og:description\" content=\"Privacy Policy \u00a0 Third party vendors, including Google, show your ads on sites on the internet. Third party vendors, including Google, use cookies to serve ads based on a user\u2019s prior visits to your website. Users may opt out of Google\u2019s use of cookies by visiting the Google advertising opt-out page. (Alternatively you can point [&hellip;]\" \/>\n<meta property=\"og:url\" content=\"https:\/\/jcuevaslawyer.com\/es\/privacy-policy\/\" \/>\n<meta property=\"og:site_name\" content=\"Law Offices of Jaime A. Cuevas, Jr\" \/>\n<meta property=\"article:modified_time\" content=\"2022-05-06T05:11:49+00:00\" \/>\n<meta name=\"twitter:card\" content=\"summary_large_image\" \/>\n<meta name=\"twitter:label1\" content=\"Tiempo de lectura\" \/>\n\t<meta name=\"twitter:data1\" content=\"2 minutos\" \/>\n<script type=\"application\/ld+json\" class=\"yoast-schema-graph\">{\"@context\":\"https:\/\/schema.org\",\"@graph\":[{\"@type\":\"WebPage\",\"@id\":\"https:\/\/jcuevaslawyer.com\/privacy-policy\/\",\"url\":\"https:\/\/jcuevaslawyer.com\/privacy-policy\/\",\"name\":\"Privacy Policy - Law Offices of Jaime A. Cuevas, Jr\",\"isPartOf\":{\"@id\":\"https:\/\/jcuevaslawyer.com\/#website\"},\"datePublished\":\"2021-04-01T13:59:18+00:00\",\"dateModified\":\"2022-05-06T05:11:49+00:00\",\"breadcrumb\":{\"@id\":\"https:\/\/jcuevaslawyer.com\/privacy-policy\/#breadcrumb\"},\"inLanguage\":\"es\",\"potentialAction\":[{\"@type\":\"ReadAction\",\"target\":[\"https:\/\/jcuevaslawyer.com\/privacy-policy\/\"]}]},{\"@type\":\"BreadcrumbList\",\"@id\":\"https:\/\/jcuevaslawyer.com\/privacy-policy\/#breadcrumb\",\"itemListElement\":[{\"@type\":\"ListItem\",\"position\":1,\"name\":\"Home\",\"item\":\"https:\/\/jcuevaslawyer.com\/\"},{\"@type\":\"ListItem\",\"position\":2,\"name\":\"Privacy Policy\"}]},{\"@type\":\"WebSite\",\"@id\":\"https:\/\/jcuevaslawyer.com\/#website\",\"url\":\"https:\/\/jcuevaslawyer.com\/\",\"name\":\"Law Offices of Jaime A. Cuevas, Jr\",\"description\":\"Bankruptcy &amp; Estate Planning\",\"publisher\":{\"@id\":\"https:\/\/jcuevaslawyer.com\/#organization\"},\"potentialAction\":[{\"@type\":\"SearchAction\",\"target\":{\"@type\":\"EntryPoint\",\"urlTemplate\":\"https:\/\/jcuevaslawyer.com\/?s={search_term_string}\"},\"query-input\":{\"@type\":\"PropertyValueSpecification\",\"valueRequired\":true,\"valueName\":\"search_term_string\"}}],\"inLanguage\":\"es\"},{\"@type\":\"Organization\",\"@id\":\"https:\/\/jcuevaslawyer.com\/#organization\",\"name\":\"The Law Offices of Jaime A. Cuevas Jr.\",\"url\":\"https:\/\/jcuevaslawyer.com\/\",\"logo\":{\"@type\":\"ImageObject\",\"inLanguage\":\"es\",\"@id\":\"https:\/\/jcuevaslawyer.com\/#\/schema\/logo\/image\/\",\"url\":\"https:\/\/jcuevaslawyer.com\/wp-content\/uploads\/2022\/02\/JC1-Horrizontal-Logo.png\",\"contentUrl\":\"https:\/\/jcuevaslawyer.com\/wp-content\/uploads\/2022\/02\/JC1-Horrizontal-Logo.png\",\"width\":1282,\"height\":503,\"caption\":\"The Law Offices of Jaime A. Cuevas Jr.\"},\"image\":{\"@id\":\"https:\/\/jcuevaslawyer.com\/#\/schema\/logo\/image\/\"}}]}<\/script>\n<!-- \/ Yoast SEO plugin. -->","yoast_head_json":{"title":"Privacy Policy - Law Offices of Jaime A. Cuevas, Jr","robots":{"index":"index","follow":"follow","max-snippet":"max-snippet:-1","max-image-preview":"max-image-preview:large","max-video-preview":"max-video-preview:-1"},"canonical":"https:\/\/jcuevaslawyer.com\/es\/privacy-policy\/","og_locale":"es_MX","og_type":"article","og_title":"Privacy Policy - Law Offices of Jaime A. Cuevas, Jr","og_description":"Privacy Policy \u00a0 Third party vendors, including Google, show your ads on sites on the internet. Third party vendors, including Google, use cookies to serve ads based on a user\u2019s prior visits to your website. Users may opt out of Google\u2019s use of cookies by visiting the Google advertising opt-out page. (Alternatively you can point [&hellip;]","og_url":"https:\/\/jcuevaslawyer.com\/es\/privacy-policy\/","og_site_name":"Law Offices of Jaime A. Cuevas, Jr","article_modified_time":"2022-05-06T05:11:49+00:00","twitter_card":"summary_large_image","twitter_misc":{"Tiempo de lectura":"2 minutos"},"schema":{"@context":"https:\/\/schema.org","@graph":[{"@type":"WebPage","@id":"https:\/\/jcuevaslawyer.com\/privacy-policy\/","url":"https:\/\/jcuevaslawyer.com\/privacy-policy\/","name":"Privacy Policy - Law Offices of Jaime A. Cuevas, Jr","isPartOf":{"@id":"https:\/\/jcuevaslawyer.com\/#website"},"datePublished":"2021-04-01T13:59:18+00:00","dateModified":"2022-05-06T05:11:49+00:00","breadcrumb":{"@id":"https:\/\/jcuevaslawyer.com\/privacy-policy\/#breadcrumb"},"inLanguage":"es","potentialAction":[{"@type":"ReadAction","target":["https:\/\/jcuevaslawyer.com\/privacy-policy\/"]}]},{"@type":"BreadcrumbList","@id":"https:\/\/jcuevaslawyer.com\/privacy-policy\/#breadcrumb","itemListElement":[{"@type":"ListItem","position":1,"name":"Home","item":"https:\/\/jcuevaslawyer.com\/"},{"@type":"ListItem","position":2,"name":"Privacy Policy"}]},{"@type":"WebSite","@id":"https:\/\/jcuevaslawyer.com\/#website","url":"https:\/\/jcuevaslawyer.com\/","name":"Law Offices of Jaime A. Cuevas, Jr","description":"Bankruptcy &amp; Estate Planning","publisher":{"@id":"https:\/\/jcuevaslawyer.com\/#organization"},"potentialAction":[{"@type":"SearchAction","target":{"@type":"EntryPoint","urlTemplate":"https:\/\/jcuevaslawyer.com\/?s={search_term_string}"},"query-input":{"@type":"PropertyValueSpecification","valueRequired":true,"valueName":"search_term_string"}}],"inLanguage":"es"},{"@type":"Organization","@id":"https:\/\/jcuevaslawyer.com\/#organization","name":"The Law Offices of Jaime A. Cuevas Jr.","url":"https:\/\/jcuevaslawyer.com\/","logo":{"@type":"ImageObject","inLanguage":"es","@id":"https:\/\/jcuevaslawyer.com\/#\/schema\/logo\/image\/","url":"https:\/\/jcuevaslawyer.com\/wp-content\/uploads\/2022\/02\/JC1-Horrizontal-Logo.png","contentUrl":"https:\/\/jcuevaslawyer.com\/wp-content\/uploads\/2022\/02\/JC1-Horrizontal-Logo.png","width":1282,"height":503,"caption":"The Law Offices of Jaime A. Cuevas Jr."},"image":{"@id":"https:\/\/jcuevaslawyer.com\/#\/schema\/logo\/image\/"}}]}},"_links":{"self":[{"href":"https:\/\/jcuevaslawyer.com\/es\/wp-json\/wp\/v2\/pages\/361","targetHints":{"allow":["GET"]}}],"collection":[{"href":"https:\/\/jcuevaslawyer.com\/es\/wp-json\/wp\/v2\/pages"}],"about":[{"href":"https:\/\/jcuevaslawyer.com\/es\/wp-json\/wp\/v2\/types\/page"}],"author":[{"embeddable":true,"href":"https:\/\/jcuevaslawyer.com\/es\/wp-json\/wp\/v2\/users\/1"}],"replies":[{"embeddable":true,"href":"https:\/\/jcuevaslawyer.com\/es\/wp-json\/wp\/v2\/comments?post=361"}],"version-history":[{"count":11,"href":"https:\/\/jcuevaslawyer.com\/es\/wp-json\/wp\/v2\/pages\/361\/revisions"}],"predecessor-version":[{"id":791,"href":"https:\/\/jcuevaslawyer.com\/es\/wp-json\/wp\/v2\/pages\/361\/revisions\/791"}],"wp:attachment":[{"href":"https:\/\/jcuevaslawyer.com\/es\/wp-json\/wp\/v2\/media?parent=361"}],"curies":[{"name":"wp","href":"https:\/\/api.w.org\/{rel}","templated":true}]}}